{"id":76,"date":"2024-04-27T14:36:48","date_gmt":"2024-04-27T12:36:48","guid":{"rendered":"https:\/\/chambre-hote-lacleuzeraie.com\/?page_id=76"},"modified":"2024-06-09T11:21:35","modified_gmt":"2024-06-09T09:21:35","slug":"les-environs","status":"publish","type":"page","link":"https:\/\/chambre-hote-lacleuzeraie.com\/index.php\/les-environs\/","title":{"rendered":"Les environs"},"content":{"rendered":"\n<h2 class=\"wp-block-heading\"><strong>Mo\u00eblan-sur-Mer<\/strong><\/h2>\n\n\n\n<p>Les chambres d&rsquo;h\u00f4tes La Cleuzeraie sont situ\u00e9es dans la commune de Mo\u00eblan-sur-Mer, au pays des rias.&nbsp;Les rias, c&rsquo;est autant de rivi\u00e8res qui abritent de petits ports : Le Belon, Brigneau, Merrien. A quelques encablures, d\u00e9couvrez \u00e9galement le charmant port de Do\u00eblan, sur la commune de Clohars-Carno\u00ebt.<\/p>\n\n\n\n<h3 class=\"wp-block-heading\"><strong>Le GR34<\/strong><\/h3>\n\n\n\n<p>Le sentier c\u00f4tier part du bord du B\u00e9lon, au pont du Guilly, jusqu\u2019au port de Do\u00eblan. Ce chemin de Grande Randonn\u00e9e balis\u00e9 passe \u00e0 400 m de la chambre d\u2019h\u00f4tes. La partie du GR34 sur Mo\u00eblan, sauvage et pr\u00e9serv\u00e9e, est accessible aux familles.<\/p>\n\n\n\n<h3 class=\"wp-block-heading\"><strong>Les rias<\/strong><\/h3>\n\n\n\n<p><strong>Brigneau<\/strong>, ancien port sardinier devenu port de plaisance, est aujourd&rsquo;hui labellis\u00e9 \u00ab\u00a0Port d&rsquo;Int\u00e9r\u00eat Patrimonial\u00a0\u00bb. Suivez le GR34 jusqu&rsquo;\u00e0 l&rsquo;ancienne conserverie Malachappe, et profitez d&rsquo;une vue panoramique sur la digue, l&rsquo;\u00eele de Groix et la c\u00f4te sauvage. Poussez jusqu&rsquo;\u00e0 la pointe de Malachappe pour b\u00e9n\u00e9ficier d&rsquo;un magnifique point de vue sur la c\u00f4te lorientaise. Ne manquez pas \u00e9galement la \u00ab\u00a0Promenade des petits sabots\u00a0\u00bb, parcours-d\u00e9couverte sur la vie des p\u00eacheurs et usines d&rsquo;autrefois !<\/p>\n\n\n\n<p>Les paysages sont tout autant magnifiques autour de <strong>Merrien<\/strong>, un autre charmant petit port devenu de plaisance. Sur les quais, vous aurez l&rsquo;occasion de voir des parcs ostr\u00e9icoles et acheter des produits de la mer (hu\u00eetres, homards, moules, bigorneaux&#8230;). Testez le parcours d\u00e9couverte d&rsquo;orientation en famille (document \u00e0 retirer \u00e0 l&rsquo;Office de Tourisme), qui vous m\u00e8nera jusqu&rsquo;\u00e0 la \u00ab\u00a0maison des douaniers\u00a0\u00bb, b\u00e2timent du XVIIe si\u00e8cle, qui offre un magnifique point de vue sur la mer.<\/p>\n\n\n\n<p>Le <strong>Belon <\/strong>marque la limite entre la commune de <strong>Mo\u00eblan-sur-Mer<\/strong> et de <strong>Riec-sur-B\u00e9lon<\/strong>. Sur le port rive gauche, vous pouvez acheter des produits frais de la mer directement aupr\u00e8s des p\u00eacheurs. Sur la rive droite, les ostr\u00e9iculteurs vous font d\u00e9guster les c\u00e9l\u00e8bres hu\u00eetres plates du B\u00e9lon.<\/p>\n\n\n\n<h3 class=\"wp-block-heading\"><strong>Le patrimoine<\/strong><\/h3>\n\n\n\n<p>La commune de Mo\u00eblan-sur-Mer est riche d\u2019un petit patrimoine. Les all\u00e9es couvertes de Kermeur-Bihan, Kercordonner et Kergoustance sont tr\u00e8s bien conserv\u00e9es et t\u00e9moignent d\u2019une histoire ancienne de la commune. Puits, fours \u00e0 pain et lavoirs sont nombreux sur toute la commune.<\/p>\n\n\n\n<p>Le corps de garde de Trogan, parfaitement conserv\u00e9, veille sur l\u2019entr\u00e9e du port de Merrien. Le pigeonnier de Kermoguer a \u00e9t\u00e9 r\u00e9cemment restaur\u00e9.<\/p>\n\n\n\n<p>De nombreuses petites chapelles, aussi mignonnes les unes que les autres, peuvent \u00e0 l\u2019occasion se visiter. La chapelle Saint-Philibert (XV\u00e8me si\u00e8cle) m\u00e9rite un d\u00e9tour . Chaque chapelle a son pardon.<\/p>\n\n\n\n<p>D\u00e9couvrez toutes ces richesses gr\u00e2ce aux nombreuses randonn\u00e9es et circuits v\u00e9los propos\u00e9s sur les supports de l\u2019Office de Tourisme. L\u2019application gratuite Rando Bretagne Sud vous permettra \u00e9galement de suivre les circuits sans avoir besoin de r\u00e9seau.<\/p>\n\n\n\n<h3 class=\"wp-block-heading\"><strong>Les plages<\/strong><\/h3>\n\n\n\n<p>Vous pouvez profiter de la baignade en famille sur les plages de Kerfany et de Tr\u00e9nez. Celles-ci sont surveill\u00e9es pendant la p\u00e9riode estivale.<\/p>\n\n\n\n<h3 class=\"wp-block-heading\"><strong>Sur la mer<\/strong><\/h3>\n\n\n\n<p>De nombreuses possibilit\u00e9s s&rsquo;offrent \u00e0 vous pour d\u00e9couvrir la r\u00e9gion par la voie maritime en naviguant sur la mer et les rivi\u00e8res gr\u00e2ce aux diff\u00e9rents centres nautiques comme <strong>Beg Porz<\/strong> ou <strong>sur la plage de Kerfany<\/strong>. Un large choix d&rsquo;activit\u00e9s nautiques y sont propos\u00e9es, telles que la voile, ou encore le kayak.<\/p>\n\n\n\n<p>Profitez de <strong>promenades comment\u00e9es<\/strong> sur les rivi\u00e8res de l\u2019Aven et du B\u00e9lon avec les Vedettes Aven-B\u00e9lon. Vous b\u00e9n\u00e9ficiez ainsi d\u2019une vue imprenable sur les rives des rias.<\/p>\n\n\n\n<h3 class=\"wp-block-heading\"><strong>Le Pays de Quimperl\u00e9<\/strong><\/h3>\n\n\n\n<p>Dans un rayon de 30 km, le Pays de Quimperl\u00e9 est compos\u00e9 de 16 communes. Retrouvez \u00a0toutes les informations pratiques sur le site de l\u2019Office de Tourisme quimperle-lesrias.bzh<\/p>\n\n\n\n<h3 class=\"wp-block-heading\"><strong>A ne pas manquer\u2026<\/strong><\/h3>\n\n\n\n<ul class=\"wp-block-list\">\n<li><strong>Le port de<\/strong> <strong>Do\u00eblan<\/strong>. Vous pouvez \u00e9galement y acheter du <strong>poisson frais<\/strong> aux halles ainsi que faire de belles promenades sur les sentiers c\u00f4tiers.<\/li>\n\n\n\n<li>Le port de <strong>Merrien <\/strong>o\u00f9 on peut acheter des fruits de mer<\/li>\n\n\n\n<li>Le port de <strong>Brigneau<\/strong> , maintenant port patrimonial<\/li>\n\n\n\n<li>Le port du<strong> Belon <\/strong>o\u00f9 c&rsquo;est possible d&rsquo;acheter du poisson frais<\/li>\n<\/ul>\n\n\n\n<p>Si vous souhaitez randonner, vous avez une vue imprenable sur la mer et les rivi\u00e8re en prenant <strong>le GR34<\/strong> qui fait tout le tour de la Bretagne, mais vous pouvez \u00e9galement profiter du calme de l&rsquo;int\u00e9rieur en prenant les nombreux sentiers qui sillonnent la commune. Enfin, vous n&rsquo;\u00eates qu&rsquo;\u00e0 quelques minutes de <strong>Pont-Aven<\/strong>, pays des peintres, et dont <strong>Paul Gauguin<\/strong> a \u00e9t\u00e9 une figure majeure. Venez y d\u00e9couvrir le nouveau <strong>mus\u00e9e d&rsquo;art<\/strong> d\u00e9di\u00e9 aux peintres de la fameuse <strong>\u00c9cole de Pont-Aven<\/strong>. Vous pouvez \u00e9galement profiter de la ville et de son port, de <strong>la promenade du Bois d&rsquo;Amour<\/strong>, de ses boutiques gourmandes, sans oublier de go\u00fbter aux c\u00e9l\u00e8bres galettes Traou Mad&#8230;<\/p>\n","protected":false},"excerpt":{"rendered":"<p>Mo\u00eblan-sur-Mer Les chambres d&rsquo;h\u00f4tes La Cleuzeraie sont situ\u00e9es dans la commune de Mo\u00eblan-sur-Mer, au pays des rias.&nbsp;Les rias, c&rsquo;est autant de rivi\u00e8res qui abritent de petits ports : Le Belon, Brigneau, Merrien. A quelques encablures, d\u00e9couvrez \u00e9galement le charmant port de Do\u00eblan, sur la commune de Clohars-Carno\u00ebt. Le GR34 Le sentier c\u00f4tier part du bord [&hellip;]<\/p>\n","protected":false},"author":1,"featured_media":0,"parent":0,"menu_order":0,"comment_status":"closed","ping_status":"closed","template":"","meta":{"footnotes":""},"class_list":["post-76","page","type-page","status-publish","hentry"],"_links":{"self":[{"href":"https:\/\/chambre-hote-lacleuzeraie.com\/index.php\/wp-json\/wp\/v2\/pages\/76","targetHints":{"allow":["GET"]}}],"collection":[{"href":"https:\/\/chambre-hote-lacleuzeraie.com\/index.php\/wp-json\/wp\/v2\/pages"}],"about":[{"href":"https:\/\/chambre-hote-lacleuzeraie.com\/index.php\/wp-json\/wp\/v2\/types\/page"}],"author":[{"embeddable":true,"href":"https:\/\/chambre-hote-lacleuzeraie.com\/index.php\/wp-json\/wp\/v2\/users\/1"}],"replies":[{"embeddable":true,"href":"https:\/\/chambre-hote-lacleuzeraie.com\/index.php\/wp-json\/wp\/v2\/comments?post=76"}],"version-history":[{"count":3,"href":"https:\/\/chambre-hote-lacleuzeraie.com\/index.php\/wp-json\/wp\/v2\/pages\/76\/revisions"}],"predecessor-version":[{"id":91,"href":"https:\/\/chambre-hote-lacleuzeraie.com\/index.php\/wp-json\/wp\/v2\/pages\/76\/revisions\/91"}],"wp:attachment":[{"href":"https:\/\/chambre-hote-lacleuzeraie.com\/index.php\/wp-json\/wp\/v2\/media?parent=76"}],"curies":[{"name":"wp","href":"https:\/\/api.w.org\/{rel}","templated":true}]}}