{"id":74,"date":"2024-04-27T14:34:29","date_gmt":"2024-04-27T12:34:29","guid":{"rendered":"https:\/\/chambre-hote-lacleuzeraie.com\/?page_id=74"},"modified":"2025-05-26T11:47:52","modified_gmt":"2025-05-26T09:47:52","slug":"notre-jardin","status":"publish","type":"page","link":"https:\/\/chambre-hote-lacleuzeraie.com\/index.php\/notre-jardin\/","title":{"rendered":"Notre Jardin"},"content":{"rendered":"\n<p>Un <strong>grand jardin<\/strong> entoure la maison. Compos\u00e9 de nombreux parterres avec arbres et arbustes originaux, vous pourrez vous y reposer au calme en observant la nature qui vous entoure. Un \u00e9cureuil ou un chevreuil viendront peut-\u00eatre vous surprendre pendant votre lecture.<\/p>\n\n\n\n<p>Amateurs de jardin, Michel pourra vous guider dans son lieu privil\u00e9gi\u00e9 o\u00f9 <strong>\u00e9rables, hortensias<\/strong> et autres rosiers forment des tableaux magnifiques surtout en mai-juin.<\/p>\n\n\n\n<p>Un petit bassin h\u00e9berge des <strong>n\u00e9nuphars, grenouilles, carpes ko\u00ef, libellules<\/strong> et autres bestioles \u00e0 d\u00e9couvrir. Un vrai petit \u00e9cosyst\u00e8me qui s&rsquo;est construit au fil du temps.<\/p>\n\n\n","protected":false},"excerpt":{"rendered":"<p>Un grand jardin entoure la maison. Compos\u00e9 de nombreux parterres avec arbres et arbustes originaux, vous pourrez vous y reposer au calme en observant la nature qui vous entoure. Un \u00e9cureuil ou un chevreuil viendront peut-\u00eatre vous surprendre pendant votre lecture. Amateurs de jardin, Michel pourra vous guider dans son lieu privil\u00e9gi\u00e9 o\u00f9 \u00e9rables, hortensias [&hellip;]<\/p>\n","protected":false},"author":1,"featured_media":0,"parent":0,"menu_order":0,"comment_status":"closed","ping_status":"closed","template":"","meta":{"footnotes":""},"class_list":["post-74","page","type-page","status-publish","hentry"],"_links":{"self":[{"href":"https:\/\/chambre-hote-lacleuzeraie.com\/index.php\/wp-json\/wp\/v2\/pages\/74","targetHints":{"allow":["GET"]}}],"collection":[{"href":"https:\/\/chambre-hote-lacleuzeraie.com\/index.php\/wp-json\/wp\/v2\/pages"}],"about":[{"href":"https:\/\/chambre-hote-lacleuzeraie.com\/index.php\/wp-json\/wp\/v2\/types\/page"}],"author":[{"embeddable":true,"href":"https:\/\/chambre-hote-lacleuzeraie.com\/index.php\/wp-json\/wp\/v2\/users\/1"}],"replies":[{"embeddable":true,"href":"https:\/\/chambre-hote-lacleuzeraie.com\/index.php\/wp-json\/wp\/v2\/comments?post=74"}],"version-history":[{"count":2,"href":"https:\/\/chambre-hote-lacleuzeraie.com\/index.php\/wp-json\/wp\/v2\/pages\/74\/revisions"}],"predecessor-version":[{"id":100,"href":"https:\/\/chambre-hote-lacleuzeraie.com\/index.php\/wp-json\/wp\/v2\/pages\/74\/revisions\/100"}],"wp:attachment":[{"href":"https:\/\/chambre-hote-lacleuzeraie.com\/index.php\/wp-json\/wp\/v2\/media?parent=74"}],"curies":[{"name":"wp","href":"https:\/\/api.w.org\/{rel}","templated":true}]}}